{"id":640,"date":"2022-06-19T16:39:18","date_gmt":"2022-06-19T16:39:18","guid":{"rendered":"https:\/\/maurifer.com\/?post_type=product&#038;p=640"},"modified":"2025-10-21T08:40:01","modified_gmt":"2025-10-21T08:40:01","slug":"metal-deploye-2500x2000x3mm-20kg","status":"publish","type":"product","link":"https:\/\/maurifer.com\/ar\/product\/metal-deploye-2500x2000x3mm-20kg\/","title":{"rendered":"M\u00e9tal d\u00e9ploy\u00e9 2500x2000x3mm (20kg)"},"content":{"rendered":"","protected":false},"excerpt":{"rendered":"","protected":false},"featured_media":634,"comment_status":"open","ping_status":"closed","template":"","meta":[],"product_brand":[],"product_cat":[76],"product_tag":[],"class_list":{"0":"post-640","1":"product","2":"type-product","3":"status-publish","4":"has-post-thumbnail","6":"product_cat-grillages-accessoire","8":"first","9":"outofstock","10":"shipping-taxable","11":"purchasable","12":"product-type-simple"},"aioseo_notices":[],"yoast_head":"<!-- This site is optimized with the Yoast SEO plugin v26.9 - https:\/\/yoast.com\/product\/yoast-seo-wordpress\/ -->\n<title>M\u00e9tal d\u00e9ploy\u00e9 2500x2000x3mm (20kg) - MAURIFER<\/title>\n<meta name=\"robots\" content=\"index, follow, max-snippet:-1, max-image-preview:large, max-video-preview:-1\" \/>\n<link rel=\"canonical\" href=\"https:\/\/maurifer.com\/ar\/product\/metal-deploye-2500x2000x3mm-20kg\/\" \/>\n<meta property=\"og:locale\" content=\"ar_AR\" \/>\n<meta property=\"og:type\" content=\"article\" \/>\n<meta property=\"og:title\" content=\"M\u00e9tal d\u00e9ploy\u00e9 2500x2000x3mm (20kg) - MAURIFER\" \/>\n<meta property=\"og:url\" content=\"https:\/\/maurifer.com\/ar\/product\/metal-deploye-2500x2000x3mm-20kg\/\" \/>\n<meta property=\"og:site_name\" content=\"MAURIFER\" \/>\n<meta property=\"article:modified_time\" content=\"2025-10-21T08:40:01+00:00\" \/>\n<meta property=\"og:image\" content=\"https:\/\/maurifer.com\/wp-content\/uploads\/2022\/06\/tole-grillage1-e1655483417578.jpeg\" \/>\n\t<meta property=\"og:image:width\" content=\"299\" \/>\n\t<meta property=\"og:image:height\" content=\"500\" \/>\n\t<meta property=\"og:image:type\" content=\"image\/jpeg\" \/>\n<meta name=\"twitter:card\" content=\"summary_large_image\" \/>\n<script type=\"application\/ld+json\" class=\"yoast-schema-graph\">{\"@context\":\"https:\/\/schema.org\",\"@graph\":[{\"@type\":\"WebPage\",\"@id\":\"https:\/\/maurifer.com\/product\/metal-deploye-2500x2000x3mm-20kg\/\",\"url\":\"https:\/\/maurifer.com\/product\/metal-deploye-2500x2000x3mm-20kg\/\",\"name\":\"M\u00e9tal d\u00e9ploy\u00e9 2500x2000x3mm (20kg) - MAURIFER\",\"isPartOf\":{\"@id\":\"https:\/\/maurifer.com\/#website\"},\"primaryImageOfPage\":{\"@id\":\"https:\/\/maurifer.com\/product\/metal-deploye-2500x2000x3mm-20kg\/#primaryimage\"},\"image\":{\"@id\":\"https:\/\/maurifer.com\/product\/metal-deploye-2500x2000x3mm-20kg\/#primaryimage\"},\"thumbnailUrl\":\"https:\/\/maurifer.com\/wp-content\/uploads\/2022\/06\/tole-grillage1-e1655483417578.jpeg\",\"datePublished\":\"2022-06-19T16:39:18+00:00\",\"dateModified\":\"2025-10-21T08:40:01+00:00\",\"breadcrumb\":{\"@id\":\"https:\/\/maurifer.com\/product\/metal-deploye-2500x2000x3mm-20kg\/#breadcrumb\"},\"inLanguage\":\"ar\",\"potentialAction\":[{\"@type\":\"ReadAction\",\"target\":[\"https:\/\/maurifer.com\/product\/metal-deploye-2500x2000x3mm-20kg\/\"]}]},{\"@type\":\"ImageObject\",\"inLanguage\":\"ar\",\"@id\":\"https:\/\/maurifer.com\/product\/metal-deploye-2500x2000x3mm-20kg\/#primaryimage\",\"url\":\"https:\/\/maurifer.com\/wp-content\/uploads\/2022\/06\/tole-grillage1-e1655483417578.jpeg\",\"contentUrl\":\"https:\/\/maurifer.com\/wp-content\/uploads\/2022\/06\/tole-grillage1-e1655483417578.jpeg\",\"width\":299,\"height\":500},{\"@type\":\"BreadcrumbList\",\"@id\":\"https:\/\/maurifer.com\/product\/metal-deploye-2500x2000x3mm-20kg\/#breadcrumb\",\"itemListElement\":[{\"@type\":\"ListItem\",\"position\":1,\"name\":\"Home\",\"item\":\"https:\/\/maurifer.com\/\"},{\"@type\":\"ListItem\",\"position\":2,\"name\":\"Boutique\",\"item\":\"https:\/\/maurifer.com\/shop\/\"},{\"@type\":\"ListItem\",\"position\":3,\"name\":\"M\u00e9tal d\u00e9ploy\u00e9 2500x2000x3mm (20kg)\"}]},{\"@type\":\"WebSite\",\"@id\":\"https:\/\/maurifer.com\/#website\",\"url\":\"https:\/\/maurifer.com\/\",\"name\":\"MAURIFER\",\"description\":\"Online Store\",\"potentialAction\":[{\"@type\":\"SearchAction\",\"target\":{\"@type\":\"EntryPoint\",\"urlTemplate\":\"https:\/\/maurifer.com\/?s={search_term_string}\"},\"query-input\":{\"@type\":\"PropertyValueSpecification\",\"valueRequired\":true,\"valueName\":\"search_term_string\"}}],\"inLanguage\":\"ar\"}]}<\/script>\n<!-- \/ Yoast SEO plugin. -->","yoast_head_json":{"title":"M\u00e9tal d\u00e9ploy\u00e9 2500x2000x3mm (20kg) - MAURIFER","robots":{"index":"index","follow":"follow","max-snippet":"max-snippet:-1","max-image-preview":"max-image-preview:large","max-video-preview":"max-video-preview:-1"},"canonical":"https:\/\/maurifer.com\/ar\/product\/metal-deploye-2500x2000x3mm-20kg\/","og_locale":"ar_AR","og_type":"article","og_title":"M\u00e9tal d\u00e9ploy\u00e9 2500x2000x3mm (20kg) - MAURIFER","og_url":"https:\/\/maurifer.com\/ar\/product\/metal-deploye-2500x2000x3mm-20kg\/","og_site_name":"MAURIFER","article_modified_time":"2025-10-21T08:40:01+00:00","og_image":[{"width":299,"height":500,"url":"https:\/\/maurifer.com\/wp-content\/uploads\/2022\/06\/tole-grillage1-e1655483417578.jpeg","type":"image\/jpeg"}],"twitter_card":"summary_large_image","schema":{"@context":"https:\/\/schema.org","@graph":[{"@type":"WebPage","@id":"https:\/\/maurifer.com\/product\/metal-deploye-2500x2000x3mm-20kg\/","url":"https:\/\/maurifer.com\/product\/metal-deploye-2500x2000x3mm-20kg\/","name":"M\u00e9tal d\u00e9ploy\u00e9 2500x2000x3mm (20kg) - MAURIFER","isPartOf":{"@id":"https:\/\/maurifer.com\/#website"},"primaryImageOfPage":{"@id":"https:\/\/maurifer.com\/product\/metal-deploye-2500x2000x3mm-20kg\/#primaryimage"},"image":{"@id":"https:\/\/maurifer.com\/product\/metal-deploye-2500x2000x3mm-20kg\/#primaryimage"},"thumbnailUrl":"https:\/\/maurifer.com\/wp-content\/uploads\/2022\/06\/tole-grillage1-e1655483417578.jpeg","datePublished":"2022-06-19T16:39:18+00:00","dateModified":"2025-10-21T08:40:01+00:00","breadcrumb":{"@id":"https:\/\/maurifer.com\/product\/metal-deploye-2500x2000x3mm-20kg\/#breadcrumb"},"inLanguage":"ar","potentialAction":[{"@type":"ReadAction","target":["https:\/\/maurifer.com\/product\/metal-deploye-2500x2000x3mm-20kg\/"]}]},{"@type":"ImageObject","inLanguage":"ar","@id":"https:\/\/maurifer.com\/product\/metal-deploye-2500x2000x3mm-20kg\/#primaryimage","url":"https:\/\/maurifer.com\/wp-content\/uploads\/2022\/06\/tole-grillage1-e1655483417578.jpeg","contentUrl":"https:\/\/maurifer.com\/wp-content\/uploads\/2022\/06\/tole-grillage1-e1655483417578.jpeg","width":299,"height":500},{"@type":"BreadcrumbList","@id":"https:\/\/maurifer.com\/product\/metal-deploye-2500x2000x3mm-20kg\/#breadcrumb","itemListElement":[{"@type":"ListItem","position":1,"name":"Home","item":"https:\/\/maurifer.com\/"},{"@type":"ListItem","position":2,"name":"Boutique","item":"https:\/\/maurifer.com\/shop\/"},{"@type":"ListItem","position":3,"name":"M\u00e9tal d\u00e9ploy\u00e9 2500x2000x3mm (20kg)"}]},{"@type":"WebSite","@id":"https:\/\/maurifer.com\/#website","url":"https:\/\/maurifer.com\/","name":"MAURIFER","description":"Online Store","potentialAction":[{"@type":"SearchAction","target":{"@type":"EntryPoint","urlTemplate":"https:\/\/maurifer.com\/?s={search_term_string}"},"query-input":{"@type":"PropertyValueSpecification","valueRequired":true,"valueName":"search_term_string"}}],"inLanguage":"ar"}]}},"_links":{"self":[{"href":"https:\/\/maurifer.com\/ar\/wp-json\/wp\/v2\/product\/640","targetHints":{"allow":["GET"]}}],"collection":[{"href":"https:\/\/maurifer.com\/ar\/wp-json\/wp\/v2\/product"}],"about":[{"href":"https:\/\/maurifer.com\/ar\/wp-json\/wp\/v2\/types\/product"}],"replies":[{"embeddable":true,"href":"https:\/\/maurifer.com\/ar\/wp-json\/wp\/v2\/comments?post=640"}],"wp:featuredmedia":[{"embeddable":true,"href":"https:\/\/maurifer.com\/ar\/wp-json\/wp\/v2\/media\/634"}],"wp:attachment":[{"href":"https:\/\/maurifer.com\/ar\/wp-json\/wp\/v2\/media?parent=640"}],"wp:term":[{"taxonomy":"product_brand","embeddable":true,"href":"https:\/\/maurifer.com\/ar\/wp-json\/wp\/v2\/product_brand?post=640"},{"taxonomy":"product_cat","embeddable":true,"href":"https:\/\/maurifer.com\/ar\/wp-json\/wp\/v2\/product_cat?post=640"},{"taxonomy":"product_tag","embeddable":true,"href":"https:\/\/maurifer.com\/ar\/wp-json\/wp\/v2\/product_tag?post=640"}],"curies":[{"name":"wp","href":"https:\/\/api.w.org\/{rel}","templated":true}]}}